{"id":24,"date":"2026-02-13T11:27:56","date_gmt":"2026-02-13T11:27:56","guid":{"rendered":"https:\/\/maresyvientos.rkinformatika.online\/?page_id=24"},"modified":"2026-03-18T09:03:57","modified_gmt":"2026-03-18T09:03:57","slug":"sobre-nosotros","status":"publish","type":"page","link":"https:\/\/maresyvientos.com\/en\/sobre-nosotros\/","title":{"rendered":"About us"},"content":{"rendered":"<div data-elementor-type=\"wp-page\" data-elementor-id=\"24\" class=\"elementor elementor-24\" data-elementor-post-type=\"page\">\n\t\t\t\t<div class=\"elementor-element elementor-element-86282af e-flex e-con-boxed e-con e-parent\" data-id=\"86282af\" data-element_type=\"container\" data-e-type=\"container\" data-settings=\"{&quot;background_background&quot;:&quot;video&quot;,&quot;background_video_link&quot;:&quot;https:\\\/\\\/maresyvientos.com\\\/wp-content\\\/uploads\\\/2026\\\/03\\\/0_Mallorca_Drone_1920x1080.mp4&quot;,&quot;background_play_on_mobile&quot;:&quot;yes&quot;}\">\n\t\t\t\t\t<div class=\"e-con-inner\">\n\t\t<div class=\"elementor-background-video-container\">\n\t\t\t\t\t\t\t<video class=\"elementor-background-video-hosted\" role=\"presentation\" autoplay muted playsinline loop><\/video>\n\t\t\t\t\t<\/div>\t\t<div class=\"elementor-element elementor-element-26aa840 elementor-widget elementor-widget-spacer\" data-id=\"26aa840\" data-element_type=\"widget\" data-e-type=\"widget\" data-widget_type=\"spacer.default\">\n\t\t\t\t\t\t\t<div class=\"elementor-spacer\">\n\t\t\t<div class=\"elementor-spacer-inner\"><\/div>\n\t\t<\/div>\n\t\t\t\t\t\t<\/div>\n\t\t\t\t\t<\/div>\n\t\t\t\t<\/div>\n\t\t<div class=\"elementor-element elementor-element-d27d4d2 e-flex e-con-boxed e-con e-parent\" data-id=\"d27d4d2\" data-element_type=\"container\" data-e-type=\"container\" data-settings=\"{&quot;background_background&quot;:&quot;classic&quot;}\">\n\t\t\t\t\t<div class=\"e-con-inner\">\n\t\t\t\t<div class=\"elementor-element elementor-element-baf238d elementor-widget elementor-widget-heading\" data-id=\"baf238d\" data-element_type=\"widget\" data-e-type=\"widget\" data-widget_type=\"heading.default\">\n\t\t\t\t\t<h2 class=\"elementor-heading-title elementor-size-default\">Donde nacen las mejores experiencias en el mar<\/h2>\t\t\t\t<\/div>\n\t\t\t\t<div class=\"elementor-element elementor-element-5adbd06 elementor-widget elementor-widget-heading\" data-id=\"5adbd06\" data-element_type=\"widget\" data-e-type=\"widget\" data-widget_type=\"heading.default\">\n\t\t\t\t\t<h2 class=\"elementor-heading-title elementor-size-default\">Alquiler de velero<\/h2>\t\t\t\t<\/div>\n\t\t\t\t<div class=\"elementor-element elementor-element-72cfcb2 elementor-widget-divider--view-line elementor-widget elementor-widget-divider\" data-id=\"72cfcb2\" data-element_type=\"widget\" data-e-type=\"widget\" data-widget_type=\"divider.default\">\n\t\t\t\t\t\t\t<div class=\"elementor-divider\">\n\t\t\t<span class=\"elementor-divider-separator\">\n\t\t\t\t\t\t<\/span>\n\t\t<\/div>\n\t\t\t\t\t\t<\/div>\n\t\t\t\t<div class=\"elementor-element elementor-element-fe7f61a elementor-widget__width-initial elementor-widget elementor-widget-text-editor\" data-id=\"fe7f61a\" data-element_type=\"widget\" data-e-type=\"widget\" data-widget_type=\"text-editor.default\">\n\t\t\t\t\t\t\t\t\t<p data-start=\"1594\" data-end=\"1902\">En Mares y Vientos dise\u00f1amos experiencias \u00fanicas en velero para quienes quieren disfrutar del mar desde otra perspectiva: con exclusividad, confort y total tranquilidad.<\/p><p data-start=\"1594\" data-end=\"1902\">Ofrecemos alquiler de velero con patr\u00f3n en Cartagena, una propuesta pensada para que solo tengas que subir a bordo y dejarte llevar.<\/p><p data-start=\"1904\" data-end=\"2206\">Nuestro velero, equipado con 4 camarotes y amplios espacios, re\u00fane todo lo necesario para vivir una traves\u00eda c\u00f3moda, segura y especial. Navega por Cartagena, la Costa Levantina, Ibiza o Formentera y descubre una forma diferente de conectar con el Mediterr\u00e1neo, rodeado de paisaje, calma y libertad.<\/p><p data-start=\"2208\" data-end=\"2444\">M\u00e1s que una ruta, te ofrecemos una vivencia. M\u00e1s que navegar, te invitamos a desconectar, compartir, celebrar y crear recuerdos inolvidables en un entorno privilegiado. Porque en Mares y Vientos el mar no solo se contempla: se vive.<\/p>\t\t\t\t\t\t\t\t<\/div>\n\t\t<div class=\"elementor-element elementor-element-0069027 e-con-full e-flex e-con e-child\" data-id=\"0069027\" data-element_type=\"container\" data-e-type=\"container\">\n\t\t\t\t<div class=\"elementor-element elementor-element-5eb22f3 elementor-widget__width-initial elementor-widget elementor-widget-image\" data-id=\"5eb22f3\" data-element_type=\"widget\" data-e-type=\"widget\" data-widget_type=\"image.default\">\n\t\t\t\t\t\t\t\t\t\t\t\t\t\t\t<img fetchpriority=\"high\" decoding=\"async\" width=\"800\" height=\"500\" src=\"https:\/\/maresyvientos.com\/wp-content\/uploads\/2026\/03\/2-1-1024x640.png\" class=\"attachment-large size-large wp-image-2743\" alt=\"\" srcset=\"https:\/\/maresyvientos.com\/wp-content\/uploads\/2026\/03\/2-1-1024x640.png 1024w, https:\/\/maresyvientos.com\/wp-content\/uploads\/2026\/03\/2-1-300x188.png 300w, https:\/\/maresyvientos.com\/wp-content\/uploads\/2026\/03\/2-1-768x480.png 768w, https:\/\/maresyvientos.com\/wp-content\/uploads\/2026\/03\/2-1-18x12.png 18w, https:\/\/maresyvientos.com\/wp-content\/uploads\/2026\/03\/2-1.png 1200w\" sizes=\"(max-width: 800px) 100vw, 800px\" \/>\t\t\t\t\t\t\t\t\t\t\t\t\t\t\t<\/div>\n\t\t\t\t<div class=\"elementor-element elementor-element-85d9807 elementor-widget__width-initial elementor-widget elementor-widget-image\" data-id=\"85d9807\" data-element_type=\"widget\" data-e-type=\"widget\" data-widget_type=\"image.default\">\n\t\t\t\t\t\t\t\t\t\t\t\t\t\t\t<img decoding=\"async\" width=\"1200\" height=\"750\" src=\"https:\/\/maresyvientos.com\/wp-content\/uploads\/2026\/03\/1-1.png\" class=\"attachment-2048x2048 size-2048x2048 wp-image-2742\" alt=\"\" srcset=\"https:\/\/maresyvientos.com\/wp-content\/uploads\/2026\/03\/1-1.png 1200w, https:\/\/maresyvientos.com\/wp-content\/uploads\/2026\/03\/1-1-300x188.png 300w, https:\/\/maresyvientos.com\/wp-content\/uploads\/2026\/03\/1-1-1024x640.png 1024w, https:\/\/maresyvientos.com\/wp-content\/uploads\/2026\/03\/1-1-768x480.png 768w, https:\/\/maresyvientos.com\/wp-content\/uploads\/2026\/03\/1-1-18x12.png 18w\" sizes=\"(max-width: 1200px) 100vw, 1200px\" \/>\t\t\t\t\t\t\t\t\t\t\t\t\t\t\t<\/div>\n\t\t\t\t<\/div>\n\t\t\t\t\t<\/div>\n\t\t\t\t<\/div>\n\t\t\t\t<\/div>","protected":false},"excerpt":{"rendered":"<p>Donde nacen las mejores experiencias en el mar Alquiler de velero En Mares y Vientos dise\u00f1amos experiencias \u00fanicas en velero para quienes quieren disfrutar del mar desde otra perspectiva: con exclusividad, confort y total tranquilidad. Ofrecemos alquiler de velero con patr\u00f3n en Cartagena, una propuesta pensada para que solo tengas que subir a bordo y [&hellip;]<\/p>\n","protected":false},"author":1,"featured_media":0,"parent":0,"menu_order":0,"comment_status":"closed","ping_status":"closed","template":"elementor_canvas","meta":{"footnotes":""},"class_list":["post-24","page","type-page","status-publish","hentry"],"yoast_head":"<!-- This site is optimized with the Yoast SEO plugin v27.3 - https:\/\/yoast.com\/product\/yoast-seo-wordpress\/ -->\n<title>Sobre nosotros - Mares y Vientos<\/title>\n<meta name=\"robots\" content=\"index, follow, max-snippet:-1, max-image-preview:large, max-video-preview:-1\" \/>\n<link rel=\"canonical\" href=\"https:\/\/maresyvientos.com\/en\/sobre-nosotros\/\" \/>\n<meta property=\"og:locale\" content=\"en_GB\" \/>\n<meta property=\"og:type\" content=\"article\" \/>\n<meta property=\"og:title\" content=\"Sobre nosotros - Mares y Vientos\" \/>\n<meta property=\"og:description\" content=\"Donde nacen las mejores experiencias en el mar Alquiler de velero En Mares y Vientos dise\u00f1amos experiencias \u00fanicas en velero para quienes quieren disfrutar del mar desde otra perspectiva: con exclusividad, confort y total tranquilidad. Ofrecemos alquiler de velero con patr\u00f3n en Cartagena, una propuesta pensada para que solo tengas que subir a bordo y [&hellip;]\" \/>\n<meta property=\"og:url\" content=\"https:\/\/maresyvientos.com\/en\/sobre-nosotros\/\" \/>\n<meta property=\"og:site_name\" content=\"Mares y Vientos\" \/>\n<meta property=\"article:modified_time\" content=\"2026-03-18T09:03:57+00:00\" \/>\n<meta property=\"og:image\" content=\"https:\/\/maresyvientos.com\/wp-content\/uploads\/2026\/03\/2-1-1024x640.png\" \/>\n<meta name=\"twitter:card\" content=\"summary_large_image\" \/>\n<meta name=\"twitter:label1\" content=\"Estimated reading time\" \/>\n\t<meta name=\"twitter:data1\" content=\"1 minute\" \/>\n<script type=\"application\/ld+json\" class=\"yoast-schema-graph\">{\"@context\":\"https:\\\/\\\/schema.org\",\"@graph\":[{\"@type\":\"WebPage\",\"@id\":\"https:\\\/\\\/maresyvientos.com\\\/sobre-nosotros\\\/\",\"url\":\"https:\\\/\\\/maresyvientos.com\\\/sobre-nosotros\\\/\",\"name\":\"Sobre nosotros - Mares y Vientos\",\"isPartOf\":{\"@id\":\"https:\\\/\\\/maresyvientos.com\\\/#website\"},\"primaryImageOfPage\":{\"@id\":\"https:\\\/\\\/maresyvientos.com\\\/sobre-nosotros\\\/#primaryimage\"},\"image\":{\"@id\":\"https:\\\/\\\/maresyvientos.com\\\/sobre-nosotros\\\/#primaryimage\"},\"thumbnailUrl\":\"https:\\\/\\\/maresyvientos.com\\\/wp-content\\\/uploads\\\/2026\\\/03\\\/2-1-1024x640.png\",\"datePublished\":\"2026-02-13T11:27:56+00:00\",\"dateModified\":\"2026-03-18T09:03:57+00:00\",\"breadcrumb\":{\"@id\":\"https:\\\/\\\/maresyvientos.com\\\/sobre-nosotros\\\/#breadcrumb\"},\"inLanguage\":\"en-GB\",\"potentialAction\":[{\"@type\":\"ReadAction\",\"target\":[\"https:\\\/\\\/maresyvientos.com\\\/sobre-nosotros\\\/\"]}]},{\"@type\":\"ImageObject\",\"inLanguage\":\"en-GB\",\"@id\":\"https:\\\/\\\/maresyvientos.com\\\/sobre-nosotros\\\/#primaryimage\",\"url\":\"https:\\\/\\\/maresyvientos.com\\\/wp-content\\\/uploads\\\/2026\\\/03\\\/2-1-1024x640.png\",\"contentUrl\":\"https:\\\/\\\/maresyvientos.com\\\/wp-content\\\/uploads\\\/2026\\\/03\\\/2-1-1024x640.png\"},{\"@type\":\"BreadcrumbList\",\"@id\":\"https:\\\/\\\/maresyvientos.com\\\/sobre-nosotros\\\/#breadcrumb\",\"itemListElement\":[{\"@type\":\"ListItem\",\"position\":1,\"name\":\"Portada\",\"item\":\"https:\\\/\\\/maresyvientos.com\\\/\"},{\"@type\":\"ListItem\",\"position\":2,\"name\":\"Sobre nosotros\"}]},{\"@type\":\"WebSite\",\"@id\":\"https:\\\/\\\/maresyvientos.com\\\/#website\",\"url\":\"https:\\\/\\\/maresyvientos.com\\\/\",\"name\":\"Mares y Vientos\",\"description\":\"\",\"publisher\":{\"@id\":\"https:\\\/\\\/maresyvientos.com\\\/#organization\"},\"potentialAction\":[{\"@type\":\"SearchAction\",\"target\":{\"@type\":\"EntryPoint\",\"urlTemplate\":\"https:\\\/\\\/maresyvientos.com\\\/?s={search_term_string}\"},\"query-input\":{\"@type\":\"PropertyValueSpecification\",\"valueRequired\":true,\"valueName\":\"search_term_string\"}}],\"inLanguage\":\"en-GB\"},{\"@type\":\"Organization\",\"@id\":\"https:\\\/\\\/maresyvientos.com\\\/#organization\",\"name\":\"Mares y Vientos\",\"url\":\"https:\\\/\\\/maresyvientos.com\\\/\",\"logo\":{\"@type\":\"ImageObject\",\"inLanguage\":\"en-GB\",\"@id\":\"https:\\\/\\\/maresyvientos.com\\\/#\\\/schema\\\/logo\\\/image\\\/\",\"url\":\"https:\\\/\\\/maresyvientos.com\\\/wp-content\\\/uploads\\\/2026\\\/02\\\/cropped-logo_web@4x.png\",\"contentUrl\":\"https:\\\/\\\/maresyvientos.com\\\/wp-content\\\/uploads\\\/2026\\\/02\\\/cropped-logo_web@4x.png\",\"width\":1978,\"height\":1994,\"caption\":\"Mares y Vientos\"},\"image\":{\"@id\":\"https:\\\/\\\/maresyvientos.com\\\/#\\\/schema\\\/logo\\\/image\\\/\"}}]}<\/script>\n<!-- \/ Yoast SEO plugin. -->","yoast_head_json":{"title":"Sobre nosotros - Mares y Vientos","robots":{"index":"index","follow":"follow","max-snippet":"max-snippet:-1","max-image-preview":"max-image-preview:large","max-video-preview":"max-video-preview:-1"},"canonical":"https:\/\/maresyvientos.com\/en\/sobre-nosotros\/","og_locale":"en_GB","og_type":"article","og_title":"Sobre nosotros - Mares y Vientos","og_description":"Donde nacen las mejores experiencias en el mar Alquiler de velero En Mares y Vientos dise\u00f1amos experiencias \u00fanicas en velero para quienes quieren disfrutar del mar desde otra perspectiva: con exclusividad, confort y total tranquilidad. Ofrecemos alquiler de velero con patr\u00f3n en Cartagena, una propuesta pensada para que solo tengas que subir a bordo y [&hellip;]","og_url":"https:\/\/maresyvientos.com\/en\/sobre-nosotros\/","og_site_name":"Mares y Vientos","article_modified_time":"2026-03-18T09:03:57+00:00","og_image":[{"url":"https:\/\/maresyvientos.com\/wp-content\/uploads\/2026\/03\/2-1-1024x640.png","type":"","width":"","height":""}],"twitter_card":"summary_large_image","twitter_misc":{"Estimated reading time":"1 minute"},"schema":{"@context":"https:\/\/schema.org","@graph":[{"@type":"WebPage","@id":"https:\/\/maresyvientos.com\/sobre-nosotros\/","url":"https:\/\/maresyvientos.com\/sobre-nosotros\/","name":"Sobre nosotros - Mares y Vientos","isPartOf":{"@id":"https:\/\/maresyvientos.com\/#website"},"primaryImageOfPage":{"@id":"https:\/\/maresyvientos.com\/sobre-nosotros\/#primaryimage"},"image":{"@id":"https:\/\/maresyvientos.com\/sobre-nosotros\/#primaryimage"},"thumbnailUrl":"https:\/\/maresyvientos.com\/wp-content\/uploads\/2026\/03\/2-1-1024x640.png","datePublished":"2026-02-13T11:27:56+00:00","dateModified":"2026-03-18T09:03:57+00:00","breadcrumb":{"@id":"https:\/\/maresyvientos.com\/sobre-nosotros\/#breadcrumb"},"inLanguage":"en-GB","potentialAction":[{"@type":"ReadAction","target":["https:\/\/maresyvientos.com\/sobre-nosotros\/"]}]},{"@type":"ImageObject","inLanguage":"en-GB","@id":"https:\/\/maresyvientos.com\/sobre-nosotros\/#primaryimage","url":"https:\/\/maresyvientos.com\/wp-content\/uploads\/2026\/03\/2-1-1024x640.png","contentUrl":"https:\/\/maresyvientos.com\/wp-content\/uploads\/2026\/03\/2-1-1024x640.png"},{"@type":"BreadcrumbList","@id":"https:\/\/maresyvientos.com\/sobre-nosotros\/#breadcrumb","itemListElement":[{"@type":"ListItem","position":1,"name":"Portada","item":"https:\/\/maresyvientos.com\/"},{"@type":"ListItem","position":2,"name":"Sobre nosotros"}]},{"@type":"WebSite","@id":"https:\/\/maresyvientos.com\/#website","url":"https:\/\/maresyvientos.com\/","name":"Mares y Vientos","description":"","publisher":{"@id":"https:\/\/maresyvientos.com\/#organization"},"potentialAction":[{"@type":"SearchAction","target":{"@type":"EntryPoint","urlTemplate":"https:\/\/maresyvientos.com\/?s={search_term_string}"},"query-input":{"@type":"PropertyValueSpecification","valueRequired":true,"valueName":"search_term_string"}}],"inLanguage":"en-GB"},{"@type":"Organization","@id":"https:\/\/maresyvientos.com\/#organization","name":"Mares y Vientos","url":"https:\/\/maresyvientos.com\/","logo":{"@type":"ImageObject","inLanguage":"en-GB","@id":"https:\/\/maresyvientos.com\/#\/schema\/logo\/image\/","url":"https:\/\/maresyvientos.com\/wp-content\/uploads\/2026\/02\/cropped-logo_web@4x.png","contentUrl":"https:\/\/maresyvientos.com\/wp-content\/uploads\/2026\/02\/cropped-logo_web@4x.png","width":1978,"height":1994,"caption":"Mares y Vientos"},"image":{"@id":"https:\/\/maresyvientos.com\/#\/schema\/logo\/image\/"}}]}},"_links":{"self":[{"href":"https:\/\/maresyvientos.com\/en\/wp-json\/wp\/v2\/pages\/24","targetHints":{"allow":["GET"]}}],"collection":[{"href":"https:\/\/maresyvientos.com\/en\/wp-json\/wp\/v2\/pages"}],"about":[{"href":"https:\/\/maresyvientos.com\/en\/wp-json\/wp\/v2\/types\/page"}],"author":[{"embeddable":true,"href":"https:\/\/maresyvientos.com\/en\/wp-json\/wp\/v2\/users\/1"}],"replies":[{"embeddable":true,"href":"https:\/\/maresyvientos.com\/en\/wp-json\/wp\/v2\/comments?post=24"}],"version-history":[{"count":118,"href":"https:\/\/maresyvientos.com\/en\/wp-json\/wp\/v2\/pages\/24\/revisions"}],"predecessor-version":[{"id":3058,"href":"https:\/\/maresyvientos.com\/en\/wp-json\/wp\/v2\/pages\/24\/revisions\/3058"}],"wp:attachment":[{"href":"https:\/\/maresyvientos.com\/en\/wp-json\/wp\/v2\/media?parent=24"}],"curies":[{"name":"wp","href":"https:\/\/api.w.org\/{rel}","templated":true}]}}