{"id":23,"date":"2026-02-13T11:27:06","date_gmt":"2026-02-13T11:27:06","guid":{"rendered":"https:\/\/maresyvientos.rkinformatika.online\/?page_id=23"},"modified":"2026-03-17T09:34:55","modified_gmt":"2026-03-17T09:34:55","slug":"rutas-y-destinos","status":"publish","type":"page","link":"https:\/\/maresyvientos.com\/en\/rutas-y-destinos\/","title":{"rendered":"Routes and Destinations"},"content":{"rendered":"<div data-elementor-type=\"wp-page\" data-elementor-id=\"23\" class=\"elementor elementor-23\" data-elementor-post-type=\"page\">\n\t\t\t\t<div class=\"elementor-element elementor-element-4c472ad e-flex e-con-boxed e-con e-parent\" data-id=\"4c472ad\" data-element_type=\"container\" data-e-type=\"container\" data-settings=\"{&quot;background_background&quot;:&quot;classic&quot;}\">\n\t\t\t\t\t<div class=\"e-con-inner\">\n\t\t\t\t<div class=\"elementor-element elementor-element-2618645 animated-slow elementor-invisible elementor-widget elementor-widget-heading\" data-id=\"2618645\" data-element_type=\"widget\" data-e-type=\"widget\" data-settings=\"{&quot;_animation&quot;:&quot;fadeInRight&quot;}\" data-widget_type=\"heading.default\">\n\t\t\t\t\t<h2 class=\"elementor-heading-title elementor-size-default\">Rutas en Velero<\/h2>\t\t\t\t<\/div>\n\t\t\t\t<div class=\"elementor-element elementor-element-980b87e animated-fast elementor-invisible elementor-widget elementor-widget-heading\" data-id=\"980b87e\" data-element_type=\"widget\" data-e-type=\"widget\" data-settings=\"{&quot;_animation&quot;:&quot;fadeInUp&quot;}\" data-widget_type=\"heading.default\">\n\t\t\t\t\t<h2 class=\"elementor-heading-title elementor-size-default\">Explora la costa levantina y baleares en velero. <br>Planifica tu escapada perfecta.<\/h2>\t\t\t\t<\/div>\n\t\t\t\t\t<\/div>\n\t\t\t\t<\/div>\n\t\t<div class=\"elementor-element elementor-element-5d1d20c e-flex e-con-boxed e-con e-parent\" data-id=\"5d1d20c\" data-element_type=\"container\" data-e-type=\"container\">\n\t\t\t\t\t<div class=\"e-con-inner\">\n\t\t<div class=\"elementor-element elementor-element-4c0f649 e-con-full e-flex e-con e-child\" data-id=\"4c0f649\" data-element_type=\"container\" data-e-type=\"container\">\n\t\t\t\t<div class=\"elementor-element elementor-element-7f6e577 elementor-widget elementor-widget-image\" data-id=\"7f6e577\" data-element_type=\"widget\" data-e-type=\"widget\" data-widget_type=\"image.default\">\n\t\t\t\t\t\t\t\t\t\t\t\t\t\t\t<img fetchpriority=\"high\" decoding=\"async\" width=\"800\" height=\"533\" src=\"https:\/\/maresyvientos.com\/wp-content\/uploads\/2026\/03\/isla-de-las-palomas--1024x682.jpg\" class=\"attachment-large size-large wp-image-721\" alt=\"\" srcset=\"https:\/\/maresyvientos.com\/wp-content\/uploads\/2026\/03\/isla-de-las-palomas--1024x682.jpg 1024w, https:\/\/maresyvientos.com\/wp-content\/uploads\/2026\/03\/isla-de-las-palomas--300x200.jpg 300w, https:\/\/maresyvientos.com\/wp-content\/uploads\/2026\/03\/isla-de-las-palomas--768x512.jpg 768w, https:\/\/maresyvientos.com\/wp-content\/uploads\/2026\/03\/isla-de-las-palomas--1536x1024.jpg 1536w, https:\/\/maresyvientos.com\/wp-content\/uploads\/2026\/03\/isla-de-las-palomas--18x12.jpg 18w, https:\/\/maresyvientos.com\/wp-content\/uploads\/2026\/03\/isla-de-las-palomas-.jpg 2000w\" sizes=\"(max-width: 800px) 100vw, 800px\" \/>\t\t\t\t\t\t\t\t\t\t\t\t\t\t\t<\/div>\n\t\t\t\t<\/div>\n\t\t<div class=\"elementor-element elementor-element-83c7112 e-con-full e-flex e-con e-child\" data-id=\"83c7112\" data-element_type=\"container\" data-e-type=\"container\">\n\t\t\t\t<div class=\"elementor-element elementor-element-a9af1bd elementor-widget elementor-widget-heading\" data-id=\"a9af1bd\" data-element_type=\"widget\" data-e-type=\"widget\" data-widget_type=\"heading.default\">\n\t\t\t\t\t<h2 class=\"elementor-heading-title elementor-size-default\">Rutas Cartagena<\/h2>\t\t\t\t<\/div>\n\t\t\t\t<div class=\"elementor-element elementor-element-9cbeefe elementor-widget elementor-widget-text-editor\" data-id=\"9cbeefe\" data-element_type=\"widget\" data-e-type=\"widget\" data-widget_type=\"text-editor.default\">\n\t\t\t\t\t\t\t\t\t<p data-start=\"122\" data-end=\"384\">Descubre la costa de Cartagena desde una perspectiva \u00fanica y disfruta de una experiencia exclusiva en el mar. Navega entre calas, aguas tranquilas y paisajes inolvidables, con opciones perfectas para medio d\u00eda, d\u00eda completo, fin de semana o escapadas m\u00e1s largas.<\/p>\t\t\t\t\t\t\t\t<\/div>\n\t\t\t\t<\/div>\n\t\t\t\t\t<\/div>\n\t\t\t\t<\/div>\n\t\t<div class=\"elementor-element elementor-element-5808592 e-flex e-con-boxed e-con e-parent\" data-id=\"5808592\" data-element_type=\"container\" data-e-type=\"container\">\n\t\t\t\t\t<div class=\"e-con-inner\">\n\t\t<div class=\"elementor-element elementor-element-288f778 e-con-full e-flex e-con e-child\" data-id=\"288f778\" data-element_type=\"container\" data-e-type=\"container\">\n\t\t\t\t<div class=\"elementor-element elementor-element-9137b7c elementor-widget elementor-widget-image\" data-id=\"9137b7c\" data-element_type=\"widget\" data-e-type=\"widget\" data-widget_type=\"image.default\">\n\t\t\t\t\t\t\t\t\t\t\t\t\t\t\t<img decoding=\"async\" width=\"800\" height=\"534\" src=\"https:\/\/maresyvientos.com\/wp-content\/uploads\/2026\/03\/velero-navegando-popa_mosaic_big_1200x800-1024x683.jpg\" class=\"attachment-large size-large wp-image-986\" alt=\"\" srcset=\"https:\/\/maresyvientos.com\/wp-content\/uploads\/2026\/03\/velero-navegando-popa_mosaic_big_1200x800-1024x683.jpg 1024w, https:\/\/maresyvientos.com\/wp-content\/uploads\/2026\/03\/velero-navegando-popa_mosaic_big_1200x800-300x200.jpg 300w, https:\/\/maresyvientos.com\/wp-content\/uploads\/2026\/03\/velero-navegando-popa_mosaic_big_1200x800-768x512.jpg 768w, https:\/\/maresyvientos.com\/wp-content\/uploads\/2026\/03\/velero-navegando-popa_mosaic_big_1200x800-18x12.jpg 18w, https:\/\/maresyvientos.com\/wp-content\/uploads\/2026\/03\/velero-navegando-popa_mosaic_big_1200x800.jpg 1200w\" sizes=\"(max-width: 800px) 100vw, 800px\" \/>\t\t\t\t\t\t\t\t\t\t\t\t\t\t\t<\/div>\n\t\t\t\t<\/div>\n\t\t<div class=\"elementor-element elementor-element-d07364d e-con-full e-flex e-con e-child\" data-id=\"d07364d\" data-element_type=\"container\" data-e-type=\"container\">\n\t\t\t\t<div class=\"elementor-element elementor-element-be63a7f elementor-widget elementor-widget-heading\" data-id=\"be63a7f\" data-element_type=\"widget\" data-e-type=\"widget\" data-widget_type=\"heading.default\">\n\t\t\t\t\t<h2 class=\"elementor-heading-title elementor-size-default\">Rutas Ibiza y Formentera<\/h2>\t\t\t\t<\/div>\n\t\t\t\t<div class=\"elementor-element elementor-element-e5051c6 elementor-widget elementor-widget-text-editor\" data-id=\"e5051c6\" data-element_type=\"widget\" data-e-type=\"widget\" data-widget_type=\"text-editor.default\">\n\t\t\t\t\t\t\t\t\t<p data-start=\"122\" data-end=\"384\">Vive una traves\u00eda inolvidable entre Ibiza y Formentera y disfruta del Mediterr\u00e1neo con total libertad. Explora calas paradis\u00edacas, fondea en aguas cristalinas y crea una experiencia a tu medida, ideal tanto para una jornada especial como para varios d\u00edas de navegaci\u00f3n.<\/p>\t\t\t\t\t\t\t\t<\/div>\n\t\t\t\t<div class=\"elementor-element elementor-element-16c6bd4 elementor-widget elementor-widget-button\" data-id=\"16c6bd4\" data-element_type=\"widget\" data-e-type=\"widget\" data-widget_type=\"button.default\">\n\t\t\t\t\t\t\t\t\t\t<a class=\"elementor-button elementor-button-link elementor-size-sm\" href=\"\/en\/contacto\/\">\n\t\t\t\t\t\t<span class=\"elementor-button-content-wrapper\">\n\t\t\t\t\t\t\t\t\t<span class=\"elementor-button-text\">Reservar Ahora<\/span>\n\t\t\t\t\t<\/span>\n\t\t\t\t\t<\/a>\n\t\t\t\t\t\t\t\t<\/div>\n\t\t\t\t<\/div>\n\t\t\t\t\t<\/div>\n\t\t\t\t<\/div>\n\t\t\t\t<\/div>","protected":false},"excerpt":{"rendered":"<p>Rutas en Velero Explora la costa levantina y baleares en velero. Planifica tu escapada perfecta. Rutas Cartagena Descubre la costa de Cartagena desde una perspectiva \u00fanica y disfruta de una experiencia exclusiva en el mar. Navega entre calas, aguas tranquilas y paisajes inolvidables, con opciones perfectas para medio d\u00eda, d\u00eda completo, fin de semana o [&hellip;]<\/p>\n","protected":false},"author":1,"featured_media":0,"parent":0,"menu_order":0,"comment_status":"closed","ping_status":"closed","template":"elementor_canvas","meta":{"footnotes":""},"class_list":["post-23","page","type-page","status-publish","hentry"],"yoast_head":"<!-- This site is optimized with the Yoast SEO plugin v27.3 - https:\/\/yoast.com\/product\/yoast-seo-wordpress\/ -->\n<title>Rutas y Destinos - Mares y Vientos<\/title>\n<meta name=\"robots\" content=\"index, follow, max-snippet:-1, max-image-preview:large, max-video-preview:-1\" \/>\n<link rel=\"canonical\" href=\"https:\/\/maresyvientos.com\/en\/rutas-y-destinos\/\" \/>\n<meta property=\"og:locale\" content=\"en_GB\" \/>\n<meta property=\"og:type\" content=\"article\" \/>\n<meta property=\"og:title\" content=\"Rutas y Destinos - Mares y Vientos\" \/>\n<meta property=\"og:description\" content=\"Rutas en Velero Explora la costa levantina y baleares en velero. Planifica tu escapada perfecta. Rutas Cartagena Descubre la costa de Cartagena desde una perspectiva \u00fanica y disfruta de una experiencia exclusiva en el mar. Navega entre calas, aguas tranquilas y paisajes inolvidables, con opciones perfectas para medio d\u00eda, d\u00eda completo, fin de semana o [&hellip;]\" \/>\n<meta property=\"og:url\" content=\"https:\/\/maresyvientos.com\/en\/rutas-y-destinos\/\" \/>\n<meta property=\"og:site_name\" content=\"Mares y Vientos\" \/>\n<meta property=\"article:modified_time\" content=\"2026-03-17T09:34:55+00:00\" \/>\n<meta property=\"og:image\" content=\"https:\/\/maresyvientos.com\/wp-content\/uploads\/2026\/03\/isla-de-las-palomas--1024x682.jpg\" \/>\n<meta name=\"twitter:card\" content=\"summary_large_image\" \/>\n<meta name=\"twitter:label1\" content=\"Estimated reading time\" \/>\n\t<meta name=\"twitter:data1\" content=\"1 minute\" \/>\n<script type=\"application\/ld+json\" class=\"yoast-schema-graph\">{\"@context\":\"https:\\\/\\\/schema.org\",\"@graph\":[{\"@type\":\"WebPage\",\"@id\":\"https:\\\/\\\/maresyvientos.com\\\/rutas-y-destinos\\\/\",\"url\":\"https:\\\/\\\/maresyvientos.com\\\/rutas-y-destinos\\\/\",\"name\":\"Rutas y Destinos - Mares y Vientos\",\"isPartOf\":{\"@id\":\"https:\\\/\\\/maresyvientos.com\\\/#website\"},\"primaryImageOfPage\":{\"@id\":\"https:\\\/\\\/maresyvientos.com\\\/rutas-y-destinos\\\/#primaryimage\"},\"image\":{\"@id\":\"https:\\\/\\\/maresyvientos.com\\\/rutas-y-destinos\\\/#primaryimage\"},\"thumbnailUrl\":\"https:\\\/\\\/maresyvientos.com\\\/wp-content\\\/uploads\\\/2026\\\/03\\\/isla-de-las-palomas--1024x682.jpg\",\"datePublished\":\"2026-02-13T11:27:06+00:00\",\"dateModified\":\"2026-03-17T09:34:55+00:00\",\"breadcrumb\":{\"@id\":\"https:\\\/\\\/maresyvientos.com\\\/rutas-y-destinos\\\/#breadcrumb\"},\"inLanguage\":\"en-GB\",\"potentialAction\":[{\"@type\":\"ReadAction\",\"target\":[\"https:\\\/\\\/maresyvientos.com\\\/rutas-y-destinos\\\/\"]}]},{\"@type\":\"ImageObject\",\"inLanguage\":\"en-GB\",\"@id\":\"https:\\\/\\\/maresyvientos.com\\\/rutas-y-destinos\\\/#primaryimage\",\"url\":\"https:\\\/\\\/maresyvientos.com\\\/wp-content\\\/uploads\\\/2026\\\/03\\\/isla-de-las-palomas--1024x682.jpg\",\"contentUrl\":\"https:\\\/\\\/maresyvientos.com\\\/wp-content\\\/uploads\\\/2026\\\/03\\\/isla-de-las-palomas--1024x682.jpg\"},{\"@type\":\"BreadcrumbList\",\"@id\":\"https:\\\/\\\/maresyvientos.com\\\/rutas-y-destinos\\\/#breadcrumb\",\"itemListElement\":[{\"@type\":\"ListItem\",\"position\":1,\"name\":\"Portada\",\"item\":\"https:\\\/\\\/maresyvientos.com\\\/\"},{\"@type\":\"ListItem\",\"position\":2,\"name\":\"Rutas y Destinos\"}]},{\"@type\":\"WebSite\",\"@id\":\"https:\\\/\\\/maresyvientos.com\\\/#website\",\"url\":\"https:\\\/\\\/maresyvientos.com\\\/\",\"name\":\"Mares y Vientos\",\"description\":\"\",\"publisher\":{\"@id\":\"https:\\\/\\\/maresyvientos.com\\\/#organization\"},\"potentialAction\":[{\"@type\":\"SearchAction\",\"target\":{\"@type\":\"EntryPoint\",\"urlTemplate\":\"https:\\\/\\\/maresyvientos.com\\\/?s={search_term_string}\"},\"query-input\":{\"@type\":\"PropertyValueSpecification\",\"valueRequired\":true,\"valueName\":\"search_term_string\"}}],\"inLanguage\":\"en-GB\"},{\"@type\":\"Organization\",\"@id\":\"https:\\\/\\\/maresyvientos.com\\\/#organization\",\"name\":\"Mares y Vientos\",\"url\":\"https:\\\/\\\/maresyvientos.com\\\/\",\"logo\":{\"@type\":\"ImageObject\",\"inLanguage\":\"en-GB\",\"@id\":\"https:\\\/\\\/maresyvientos.com\\\/#\\\/schema\\\/logo\\\/image\\\/\",\"url\":\"https:\\\/\\\/maresyvientos.com\\\/wp-content\\\/uploads\\\/2026\\\/02\\\/cropped-logo_web@4x.png\",\"contentUrl\":\"https:\\\/\\\/maresyvientos.com\\\/wp-content\\\/uploads\\\/2026\\\/02\\\/cropped-logo_web@4x.png\",\"width\":1978,\"height\":1994,\"caption\":\"Mares y Vientos\"},\"image\":{\"@id\":\"https:\\\/\\\/maresyvientos.com\\\/#\\\/schema\\\/logo\\\/image\\\/\"}}]}<\/script>\n<!-- \/ Yoast SEO plugin. -->","yoast_head_json":{"title":"Rutas y Destinos - Mares y Vientos","robots":{"index":"index","follow":"follow","max-snippet":"max-snippet:-1","max-image-preview":"max-image-preview:large","max-video-preview":"max-video-preview:-1"},"canonical":"https:\/\/maresyvientos.com\/en\/rutas-y-destinos\/","og_locale":"en_GB","og_type":"article","og_title":"Rutas y Destinos - Mares y Vientos","og_description":"Rutas en Velero Explora la costa levantina y baleares en velero. Planifica tu escapada perfecta. Rutas Cartagena Descubre la costa de Cartagena desde una perspectiva \u00fanica y disfruta de una experiencia exclusiva en el mar. Navega entre calas, aguas tranquilas y paisajes inolvidables, con opciones perfectas para medio d\u00eda, d\u00eda completo, fin de semana o [&hellip;]","og_url":"https:\/\/maresyvientos.com\/en\/rutas-y-destinos\/","og_site_name":"Mares y Vientos","article_modified_time":"2026-03-17T09:34:55+00:00","og_image":[{"url":"https:\/\/maresyvientos.com\/wp-content\/uploads\/2026\/03\/isla-de-las-palomas--1024x682.jpg","type":"","width":"","height":""}],"twitter_card":"summary_large_image","twitter_misc":{"Estimated reading time":"1 minute"},"schema":{"@context":"https:\/\/schema.org","@graph":[{"@type":"WebPage","@id":"https:\/\/maresyvientos.com\/rutas-y-destinos\/","url":"https:\/\/maresyvientos.com\/rutas-y-destinos\/","name":"Rutas y Destinos - Mares y Vientos","isPartOf":{"@id":"https:\/\/maresyvientos.com\/#website"},"primaryImageOfPage":{"@id":"https:\/\/maresyvientos.com\/rutas-y-destinos\/#primaryimage"},"image":{"@id":"https:\/\/maresyvientos.com\/rutas-y-destinos\/#primaryimage"},"thumbnailUrl":"https:\/\/maresyvientos.com\/wp-content\/uploads\/2026\/03\/isla-de-las-palomas--1024x682.jpg","datePublished":"2026-02-13T11:27:06+00:00","dateModified":"2026-03-17T09:34:55+00:00","breadcrumb":{"@id":"https:\/\/maresyvientos.com\/rutas-y-destinos\/#breadcrumb"},"inLanguage":"en-GB","potentialAction":[{"@type":"ReadAction","target":["https:\/\/maresyvientos.com\/rutas-y-destinos\/"]}]},{"@type":"ImageObject","inLanguage":"en-GB","@id":"https:\/\/maresyvientos.com\/rutas-y-destinos\/#primaryimage","url":"https:\/\/maresyvientos.com\/wp-content\/uploads\/2026\/03\/isla-de-las-palomas--1024x682.jpg","contentUrl":"https:\/\/maresyvientos.com\/wp-content\/uploads\/2026\/03\/isla-de-las-palomas--1024x682.jpg"},{"@type":"BreadcrumbList","@id":"https:\/\/maresyvientos.com\/rutas-y-destinos\/#breadcrumb","itemListElement":[{"@type":"ListItem","position":1,"name":"Portada","item":"https:\/\/maresyvientos.com\/"},{"@type":"ListItem","position":2,"name":"Rutas y Destinos"}]},{"@type":"WebSite","@id":"https:\/\/maresyvientos.com\/#website","url":"https:\/\/maresyvientos.com\/","name":"Mares y Vientos","description":"","publisher":{"@id":"https:\/\/maresyvientos.com\/#organization"},"potentialAction":[{"@type":"SearchAction","target":{"@type":"EntryPoint","urlTemplate":"https:\/\/maresyvientos.com\/?s={search_term_string}"},"query-input":{"@type":"PropertyValueSpecification","valueRequired":true,"valueName":"search_term_string"}}],"inLanguage":"en-GB"},{"@type":"Organization","@id":"https:\/\/maresyvientos.com\/#organization","name":"Mares y Vientos","url":"https:\/\/maresyvientos.com\/","logo":{"@type":"ImageObject","inLanguage":"en-GB","@id":"https:\/\/maresyvientos.com\/#\/schema\/logo\/image\/","url":"https:\/\/maresyvientos.com\/wp-content\/uploads\/2026\/02\/cropped-logo_web@4x.png","contentUrl":"https:\/\/maresyvientos.com\/wp-content\/uploads\/2026\/02\/cropped-logo_web@4x.png","width":1978,"height":1994,"caption":"Mares y Vientos"},"image":{"@id":"https:\/\/maresyvientos.com\/#\/schema\/logo\/image\/"}}]}},"_links":{"self":[{"href":"https:\/\/maresyvientos.com\/en\/wp-json\/wp\/v2\/pages\/23","targetHints":{"allow":["GET"]}}],"collection":[{"href":"https:\/\/maresyvientos.com\/en\/wp-json\/wp\/v2\/pages"}],"about":[{"href":"https:\/\/maresyvientos.com\/en\/wp-json\/wp\/v2\/types\/page"}],"author":[{"embeddable":true,"href":"https:\/\/maresyvientos.com\/en\/wp-json\/wp\/v2\/users\/1"}],"replies":[{"embeddable":true,"href":"https:\/\/maresyvientos.com\/en\/wp-json\/wp\/v2\/comments?post=23"}],"version-history":[{"count":124,"href":"https:\/\/maresyvientos.com\/en\/wp-json\/wp\/v2\/pages\/23\/revisions"}],"predecessor-version":[{"id":1930,"href":"https:\/\/maresyvientos.com\/en\/wp-json\/wp\/v2\/pages\/23\/revisions\/1930"}],"wp:attachment":[{"href":"https:\/\/maresyvientos.com\/en\/wp-json\/wp\/v2\/media?parent=23"}],"curies":[{"name":"wp","href":"https:\/\/api.w.org\/{rel}","templated":true}]}}