{"id":1931,"date":"2026-03-17T09:36:21","date_gmt":"2026-03-17T09:36:21","guid":{"rendered":"https:\/\/maresyvientos.rkinformatika.online\/?page_id=1931"},"modified":"2026-03-31T11:36:21","modified_gmt":"2026-03-31T11:36:21","slug":"blog","status":"publish","type":"page","link":"https:\/\/maresyvientos.com\/en\/blog\/","title":{"rendered":"Blog"},"content":{"rendered":"<div data-elementor-type=\"wp-page\" data-elementor-id=\"1931\" class=\"elementor elementor-1931\" data-elementor-post-type=\"page\">\n\t\t\t\t<div class=\"elementor-element elementor-element-1981c53 e-flex e-con-boxed e-con e-parent\" data-id=\"1981c53\" data-element_type=\"container\" data-e-type=\"container\" data-settings=\"{&quot;background_background&quot;:&quot;classic&quot;}\">\n\t\t\t\t\t<div class=\"e-con-inner\">\n\t\t\t\t<div class=\"elementor-element elementor-element-e1b0bed elementor-widget elementor-widget-spacer\" data-id=\"e1b0bed\" data-element_type=\"widget\" data-e-type=\"widget\" data-widget_type=\"spacer.default\">\n\t\t\t\t\t\t\t<div class=\"elementor-spacer\">\n\t\t\t<div class=\"elementor-spacer-inner\"><\/div>\n\t\t<\/div>\n\t\t\t\t\t\t<\/div>\n\t\t\t\t\t<\/div>\n\t\t\t\t<\/div>\n\t\t<div class=\"elementor-element elementor-element-f0c609b e-flex e-con-boxed e-con e-parent\" data-id=\"f0c609b\" data-element_type=\"container\" data-e-type=\"container\">\n\t\t\t\t\t<div class=\"e-con-inner\">\n\t\t\t\t<div class=\"elementor-element elementor-element-97689f7 elementor-widget elementor-widget-hfe-basic-posts\" data-id=\"97689f7\" data-element_type=\"widget\" data-e-type=\"widget\" data-widget_type=\"hfe-basic-posts.default\">\n\t\t\t\t<div class=\"elementor-widget-container\">\n\t\t\t\t\t\n<div class=\"hfe-posts-grid\">\n\t\t\t<article class=\"hfe-post-card\">\n\t\t\t\t\t\t\t<div class=\"hfe-post-image\">\n\t\t\t\t\t<a href=\"https:\/\/maresyvientos.com\/en\/donde-comer-en-cartagena\/\" rel=\"bookmark\">\n\t\t\t\t\t\t<img loading=\"lazy\" decoding=\"async\" width=\"300\" height=\"200\" src=\"https:\/\/maresyvientos.com\/wp-content\/uploads\/2026\/03\/comer-en-cartagena-2-300x200.jpg\" class=\"attachment-medium size-medium wp-post-image\" alt=\"D\u00f3nde Comer en Cartagena\" srcset=\"https:\/\/maresyvientos.com\/wp-content\/uploads\/2026\/03\/comer-en-cartagena-2-300x200.jpg 300w, https:\/\/maresyvientos.com\/wp-content\/uploads\/2026\/03\/comer-en-cartagena-2-18x12.jpg 18w, https:\/\/maresyvientos.com\/wp-content\/uploads\/2026\/03\/comer-en-cartagena-2.jpg 720w\" sizes=\"auto, (max-width: 300px) 100vw, 300px\" \/>\t\t\t\t\t<\/a>\n\t\t\t\t<\/div>\n\t\t\t\n\t\t\t<div class=\"hfe-post-content\">\n\t\t\t\t\t\t\t\t\t<h3 class=\"hfe-post-title\">\n\t\t\t\t\t\t<a href=\"https:\/\/maresyvientos.com\/en\/donde-comer-en-cartagena\/\" rel=\"bookmark\">\n\t\t\t\t\t\t\tD\u00f3nde Comer en Cartagena\t\t\t\t\t\t<\/a>\n\t\t\t\t\t<\/h3>\n\t\t\t\t\n\t\t\t\t\t\t\t\t\t<div class=\"hfe-post-meta\">\n\t\t\t\t\t\t<span class=\"hfe-post-date\">March 31, 2026<\/span><span class=\"hfe-meta-separator\"> | <\/span><span class=\"hfe-post-author\">by admin<\/span>\t\t\t\t\t<\/div>\n\t\t\t\t\n\t\t\t\t\t\t\t\t\t<div class=\"hfe-post-excerpt\">\n\t\t\t\t\t\tD\u00f3nde comer en Cartagena En Cartagena hay una oferta gastron\u00f3mica incre\u00edble y para todos los bolsillos, desde restaurantes con estrellas...\t\t\t\t\t<\/div>\n\t\t\t\t\n\t\t\t\t\t\t\t\t\t<a href=\"https:\/\/maresyvientos.com\/en\/donde-comer-en-cartagena\/\" class=\"hfe-read-more\" rel=\"bookmark\">\n\t\t\t\t\t\tLeer m\u00e1s \u2192\t\t\t\t\t<\/a>\n\t\t\t\t\t\t\t<\/div>\n\t\t<\/article>\n\t\t\t\t<article class=\"hfe-post-card\">\n\t\t\t\t\t\t\t<div class=\"hfe-post-image\">\n\t\t\t\t\t<a href=\"https:\/\/maresyvientos.com\/en\/como-es-un-dia-navegando-con-mares-y-vientos\/\" rel=\"bookmark\">\n\t\t\t\t\t\t<img loading=\"lazy\" decoding=\"async\" width=\"300\" height=\"200\" src=\"https:\/\/maresyvientos.com\/wp-content\/uploads\/2026\/03\/velero-navegando-popa_mosaic_big_1200x800-300x200.jpg\" class=\"attachment-medium size-medium wp-post-image\" alt=\"C\u00f3mo es un d\u00eda navegando con Mares y Vientos\" srcset=\"https:\/\/maresyvientos.com\/wp-content\/uploads\/2026\/03\/velero-navegando-popa_mosaic_big_1200x800-300x200.jpg 300w, https:\/\/maresyvientos.com\/wp-content\/uploads\/2026\/03\/velero-navegando-popa_mosaic_big_1200x800-1024x683.jpg 1024w, https:\/\/maresyvientos.com\/wp-content\/uploads\/2026\/03\/velero-navegando-popa_mosaic_big_1200x800-768x512.jpg 768w, https:\/\/maresyvientos.com\/wp-content\/uploads\/2026\/03\/velero-navegando-popa_mosaic_big_1200x800-18x12.jpg 18w, https:\/\/maresyvientos.com\/wp-content\/uploads\/2026\/03\/velero-navegando-popa_mosaic_big_1200x800.jpg 1200w\" sizes=\"auto, (max-width: 300px) 100vw, 300px\" \/>\t\t\t\t\t<\/a>\n\t\t\t\t<\/div>\n\t\t\t\n\t\t\t<div class=\"hfe-post-content\">\n\t\t\t\t\t\t\t\t\t<h3 class=\"hfe-post-title\">\n\t\t\t\t\t\t<a href=\"https:\/\/maresyvientos.com\/en\/como-es-un-dia-navegando-con-mares-y-vientos\/\" rel=\"bookmark\">\n\t\t\t\t\t\t\tC\u00f3mo es un d\u00eda navegando con Mares y Vientos\t\t\t\t\t\t<\/a>\n\t\t\t\t\t<\/h3>\n\t\t\t\t\n\t\t\t\t\t\t\t\t\t<div class=\"hfe-post-meta\">\n\t\t\t\t\t\t<span class=\"hfe-post-date\">March 17, 2026<\/span><span class=\"hfe-meta-separator\"> | <\/span><span class=\"hfe-post-author\">by admin<\/span>\t\t\t\t\t<\/div>\n\t\t\t\t\n\t\t\t\t\t\t\t\t\t<div class=\"hfe-post-excerpt\">\n\t\t\t\t\t\tC\u00f3mo es un d\u00eda navegando con Mares y Vientos Vive con nosotros una experiencia diferente en el Mediterr\u00e1neo. Te contamos...\t\t\t\t\t<\/div>\n\t\t\t\t\n\t\t\t\t\t\t\t\t\t<a href=\"https:\/\/maresyvientos.com\/en\/como-es-un-dia-navegando-con-mares-y-vientos\/\" class=\"hfe-read-more\" rel=\"bookmark\">\n\t\t\t\t\t\tLeer m\u00e1s \u2192\t\t\t\t\t<\/a>\n\t\t\t\t\t\t\t<\/div>\n\t\t<\/article>\n\t\t\t\t<article class=\"hfe-post-card\">\n\t\t\t\t\t\t\t<div class=\"hfe-post-image\">\n\t\t\t\t\t<a href=\"https:\/\/maresyvientos.com\/en\/las-mejores-calas-accesibles-en-velero\/\" rel=\"bookmark\">\n\t\t\t\t\t\t<img loading=\"lazy\" decoding=\"async\" width=\"300\" height=\"188\" src=\"https:\/\/maresyvientos.com\/wp-content\/uploads\/2026\/03\/2-1-300x188.png\" class=\"attachment-medium size-medium wp-post-image\" alt=\"Las mejores calas accesibles en velero\" srcset=\"https:\/\/maresyvientos.com\/wp-content\/uploads\/2026\/03\/2-1-300x188.png 300w, https:\/\/maresyvientos.com\/wp-content\/uploads\/2026\/03\/2-1-1024x640.png 1024w, https:\/\/maresyvientos.com\/wp-content\/uploads\/2026\/03\/2-1-768x480.png 768w, https:\/\/maresyvientos.com\/wp-content\/uploads\/2026\/03\/2-1-18x12.png 18w, https:\/\/maresyvientos.com\/wp-content\/uploads\/2026\/03\/2-1.png 1200w\" sizes=\"auto, (max-width: 300px) 100vw, 300px\" \/>\t\t\t\t\t<\/a>\n\t\t\t\t<\/div>\n\t\t\t\n\t\t\t<div class=\"hfe-post-content\">\n\t\t\t\t\t\t\t\t\t<h3 class=\"hfe-post-title\">\n\t\t\t\t\t\t<a href=\"https:\/\/maresyvientos.com\/en\/las-mejores-calas-accesibles-en-velero\/\" rel=\"bookmark\">\n\t\t\t\t\t\t\tLas mejores calas accesibles en velero\t\t\t\t\t\t<\/a>\n\t\t\t\t\t<\/h3>\n\t\t\t\t\n\t\t\t\t\t\t\t\t\t<div class=\"hfe-post-meta\">\n\t\t\t\t\t\t<span class=\"hfe-post-date\">March 17, 2026<\/span><span class=\"hfe-meta-separator\"> | <\/span><span class=\"hfe-post-author\">by admin<\/span>\t\t\t\t\t<\/div>\n\t\t\t\t\n\t\t\t\t\t\t\t\t\t<div class=\"hfe-post-excerpt\">\n\t\t\t\t\t\tLas mejores calas accesibles en velero Descubre algunos de los rincones m\u00e1s especiales que solo se disfrutan de verdad desde...\t\t\t\t\t<\/div>\n\t\t\t\t\n\t\t\t\t\t\t\t\t\t<a href=\"https:\/\/maresyvientos.com\/en\/las-mejores-calas-accesibles-en-velero\/\" class=\"hfe-read-more\" rel=\"bookmark\">\n\t\t\t\t\t\tLeer m\u00e1s \u2192\t\t\t\t\t<\/a>\n\t\t\t\t\t\t\t<\/div>\n\t\t<\/article>\n\t\t\t\t<article class=\"hfe-post-card\">\n\t\t\t\t\t\t\t<div class=\"hfe-post-image\">\n\t\t\t\t\t<a href=\"https:\/\/maresyvientos.com\/en\/que-llevar-en-un-dia-en-velero-en-cartagena\/\" rel=\"bookmark\">\n\t\t\t\t\t\t<img loading=\"lazy\" decoding=\"async\" width=\"300\" height=\"197\" src=\"https:\/\/maresyvientos.com\/wp-content\/uploads\/2026\/03\/velero-navegando-croacia-1-300x197.jpg\" class=\"attachment-medium size-medium wp-post-image\" alt=\"Qu\u00e9 llevar en un d\u00eda en velero en Cartagena\" srcset=\"https:\/\/maresyvientos.com\/wp-content\/uploads\/2026\/03\/velero-navegando-croacia-1-300x197.jpg 300w, https:\/\/maresyvientos.com\/wp-content\/uploads\/2026\/03\/velero-navegando-croacia-1-1024x673.jpg 1024w, https:\/\/maresyvientos.com\/wp-content\/uploads\/2026\/03\/velero-navegando-croacia-1-768x505.jpg 768w, https:\/\/maresyvientos.com\/wp-content\/uploads\/2026\/03\/velero-navegando-croacia-1-18x12.jpg 18w, https:\/\/maresyvientos.com\/wp-content\/uploads\/2026\/03\/velero-navegando-croacia-1.jpg 1120w\" sizes=\"auto, (max-width: 300px) 100vw, 300px\" \/>\t\t\t\t\t<\/a>\n\t\t\t\t<\/div>\n\t\t\t\n\t\t\t<div class=\"hfe-post-content\">\n\t\t\t\t\t\t\t\t\t<h3 class=\"hfe-post-title\">\n\t\t\t\t\t\t<a href=\"https:\/\/maresyvientos.com\/en\/que-llevar-en-un-dia-en-velero-en-cartagena\/\" rel=\"bookmark\">\n\t\t\t\t\t\t\tQu\u00e9 llevar en un d\u00eda en velero en Cartagena\t\t\t\t\t\t<\/a>\n\t\t\t\t\t<\/h3>\n\t\t\t\t\n\t\t\t\t\t\t\t\t\t<div class=\"hfe-post-meta\">\n\t\t\t\t\t\t<span class=\"hfe-post-date\">March 17, 2026<\/span><span class=\"hfe-meta-separator\"> | <\/span><span class=\"hfe-post-author\">by admin<\/span>\t\t\t\t\t<\/div>\n\t\t\t\t\n\t\t\t\t\t\t\t\t\t<div class=\"hfe-post-excerpt\">\n\t\t\t\t\t\tQu\u00e9 llevar en un d\u00eda en velero en Cartagena Prep\u00e1rate para disfrutar al m\u00e1ximo de tu experiencia en el mar...\t\t\t\t\t<\/div>\n\t\t\t\t\n\t\t\t\t\t\t\t\t\t<a href=\"https:\/\/maresyvientos.com\/en\/que-llevar-en-un-dia-en-velero-en-cartagena\/\" class=\"hfe-read-more\" rel=\"bookmark\">\n\t\t\t\t\t\tLeer m\u00e1s \u2192\t\t\t\t\t<\/a>\n\t\t\t\t\t\t\t<\/div>\n\t\t<\/article>\n\t\t<\/div>\n\t\t\t\t<\/div>\n\t\t\t\t<\/div>\n\t\t\t\t\t<\/div>\n\t\t\t\t<\/div>\n\t\t\t\t<\/div>","protected":false},"excerpt":{"rendered":"<p>D\u00f3nde Comer en Cartagena marzo 31, 2026 | por admin D\u00f3nde comer en Cartagena En Cartagena hay una oferta gastron\u00f3mica incre\u00edble y para todos los bolsillos, desde restaurantes con estrellas&#8230; Leer m\u00e1s \u2192 C\u00f3mo es un d\u00eda navegando con Mares y Vientos marzo 17, 2026 | por admin C\u00f3mo es un d\u00eda navegando con Mares [&hellip;]<\/p>\n","protected":false},"author":1,"featured_media":0,"parent":0,"menu_order":0,"comment_status":"closed","ping_status":"closed","template":"elementor_canvas","meta":{"footnotes":""},"class_list":["post-1931","page","type-page","status-publish","hentry"],"yoast_head":"<!-- This site is optimized with the Yoast SEO plugin v27.3 - https:\/\/yoast.com\/product\/yoast-seo-wordpress\/ -->\n<title>Blog - Mares y Vientos<\/title>\n<meta name=\"robots\" content=\"index, follow, max-snippet:-1, max-image-preview:large, max-video-preview:-1\" \/>\n<link rel=\"canonical\" href=\"https:\/\/maresyvientos.com\/en\/blog\/\" \/>\n<meta property=\"og:locale\" content=\"en_GB\" \/>\n<meta property=\"og:type\" content=\"article\" \/>\n<meta property=\"og:title\" content=\"Blog - Mares y Vientos\" \/>\n<meta property=\"og:description\" content=\"D\u00f3nde Comer en Cartagena marzo 31, 2026 | por admin D\u00f3nde comer en Cartagena En Cartagena hay una oferta gastron\u00f3mica incre\u00edble y para todos los bolsillos, desde restaurantes con estrellas&#8230; Leer m\u00e1s \u2192 C\u00f3mo es un d\u00eda navegando con Mares y Vientos marzo 17, 2026 | por admin C\u00f3mo es un d\u00eda navegando con Mares [&hellip;]\" \/>\n<meta property=\"og:url\" content=\"https:\/\/maresyvientos.com\/en\/blog\/\" \/>\n<meta property=\"og:site_name\" content=\"Mares y Vientos\" \/>\n<meta property=\"article:modified_time\" content=\"2026-03-31T11:36:21+00:00\" \/>\n<meta property=\"og:image\" content=\"https:\/\/maresyvientos.com\/wp-content\/uploads\/2026\/03\/velero-navegando-popa_mosaic_big_1200x800-300x200.jpg\" \/>\n<meta name=\"twitter:card\" content=\"summary_large_image\" \/>\n<meta name=\"twitter:label1\" content=\"Estimated reading time\" \/>\n\t<meta name=\"twitter:data1\" content=\"2 minutes\" \/>\n<script type=\"application\/ld+json\" class=\"yoast-schema-graph\">{\"@context\":\"https:\\\/\\\/schema.org\",\"@graph\":[{\"@type\":\"WebPage\",\"@id\":\"https:\\\/\\\/maresyvientos.com\\\/blog\\\/\",\"url\":\"https:\\\/\\\/maresyvientos.com\\\/blog\\\/\",\"name\":\"Blog - Mares y Vientos\",\"isPartOf\":{\"@id\":\"https:\\\/\\\/maresyvientos.com\\\/#website\"},\"primaryImageOfPage\":{\"@id\":\"https:\\\/\\\/maresyvientos.com\\\/blog\\\/#primaryimage\"},\"image\":{\"@id\":\"https:\\\/\\\/maresyvientos.com\\\/blog\\\/#primaryimage\"},\"thumbnailUrl\":\"https:\\\/\\\/maresyvientos.com\\\/wp-content\\\/uploads\\\/2026\\\/03\\\/velero-navegando-popa_mosaic_big_1200x800-300x200.jpg\",\"datePublished\":\"2026-03-17T09:36:21+00:00\",\"dateModified\":\"2026-03-31T11:36:21+00:00\",\"breadcrumb\":{\"@id\":\"https:\\\/\\\/maresyvientos.com\\\/blog\\\/#breadcrumb\"},\"inLanguage\":\"en-GB\",\"potentialAction\":[{\"@type\":\"ReadAction\",\"target\":[\"https:\\\/\\\/maresyvientos.com\\\/blog\\\/\"]}]},{\"@type\":\"ImageObject\",\"inLanguage\":\"en-GB\",\"@id\":\"https:\\\/\\\/maresyvientos.com\\\/blog\\\/#primaryimage\",\"url\":\"https:\\\/\\\/maresyvientos.com\\\/wp-content\\\/uploads\\\/2026\\\/03\\\/velero-navegando-popa_mosaic_big_1200x800-300x200.jpg\",\"contentUrl\":\"https:\\\/\\\/maresyvientos.com\\\/wp-content\\\/uploads\\\/2026\\\/03\\\/velero-navegando-popa_mosaic_big_1200x800-300x200.jpg\"},{\"@type\":\"BreadcrumbList\",\"@id\":\"https:\\\/\\\/maresyvientos.com\\\/blog\\\/#breadcrumb\",\"itemListElement\":[{\"@type\":\"ListItem\",\"position\":1,\"name\":\"Portada\",\"item\":\"https:\\\/\\\/maresyvientos.com\\\/\"},{\"@type\":\"ListItem\",\"position\":2,\"name\":\"Blog\"}]},{\"@type\":\"WebSite\",\"@id\":\"https:\\\/\\\/maresyvientos.com\\\/#website\",\"url\":\"https:\\\/\\\/maresyvientos.com\\\/\",\"name\":\"Mares y Vientos\",\"description\":\"\",\"publisher\":{\"@id\":\"https:\\\/\\\/maresyvientos.com\\\/#organization\"},\"potentialAction\":[{\"@type\":\"SearchAction\",\"target\":{\"@type\":\"EntryPoint\",\"urlTemplate\":\"https:\\\/\\\/maresyvientos.com\\\/?s={search_term_string}\"},\"query-input\":{\"@type\":\"PropertyValueSpecification\",\"valueRequired\":true,\"valueName\":\"search_term_string\"}}],\"inLanguage\":\"en-GB\"},{\"@type\":\"Organization\",\"@id\":\"https:\\\/\\\/maresyvientos.com\\\/#organization\",\"name\":\"Mares y Vientos\",\"url\":\"https:\\\/\\\/maresyvientos.com\\\/\",\"logo\":{\"@type\":\"ImageObject\",\"inLanguage\":\"en-GB\",\"@id\":\"https:\\\/\\\/maresyvientos.com\\\/#\\\/schema\\\/logo\\\/image\\\/\",\"url\":\"https:\\\/\\\/maresyvientos.com\\\/wp-content\\\/uploads\\\/2026\\\/02\\\/cropped-logo_web@4x.png\",\"contentUrl\":\"https:\\\/\\\/maresyvientos.com\\\/wp-content\\\/uploads\\\/2026\\\/02\\\/cropped-logo_web@4x.png\",\"width\":1978,\"height\":1994,\"caption\":\"Mares y Vientos\"},\"image\":{\"@id\":\"https:\\\/\\\/maresyvientos.com\\\/#\\\/schema\\\/logo\\\/image\\\/\"}}]}<\/script>\n<!-- \/ Yoast SEO plugin. -->","yoast_head_json":{"title":"Blog - Mares y Vientos","robots":{"index":"index","follow":"follow","max-snippet":"max-snippet:-1","max-image-preview":"max-image-preview:large","max-video-preview":"max-video-preview:-1"},"canonical":"https:\/\/maresyvientos.com\/en\/blog\/","og_locale":"en_GB","og_type":"article","og_title":"Blog - Mares y Vientos","og_description":"D\u00f3nde Comer en Cartagena marzo 31, 2026 | por admin D\u00f3nde comer en Cartagena En Cartagena hay una oferta gastron\u00f3mica incre\u00edble y para todos los bolsillos, desde restaurantes con estrellas&#8230; Leer m\u00e1s \u2192 C\u00f3mo es un d\u00eda navegando con Mares y Vientos marzo 17, 2026 | por admin C\u00f3mo es un d\u00eda navegando con Mares [&hellip;]","og_url":"https:\/\/maresyvientos.com\/en\/blog\/","og_site_name":"Mares y Vientos","article_modified_time":"2026-03-31T11:36:21+00:00","og_image":[{"url":"https:\/\/maresyvientos.com\/wp-content\/uploads\/2026\/03\/velero-navegando-popa_mosaic_big_1200x800-300x200.jpg","type":"","width":"","height":""}],"twitter_card":"summary_large_image","twitter_misc":{"Estimated reading time":"2 minutes"},"schema":{"@context":"https:\/\/schema.org","@graph":[{"@type":"WebPage","@id":"https:\/\/maresyvientos.com\/blog\/","url":"https:\/\/maresyvientos.com\/blog\/","name":"Blog - Mares y Vientos","isPartOf":{"@id":"https:\/\/maresyvientos.com\/#website"},"primaryImageOfPage":{"@id":"https:\/\/maresyvientos.com\/blog\/#primaryimage"},"image":{"@id":"https:\/\/maresyvientos.com\/blog\/#primaryimage"},"thumbnailUrl":"https:\/\/maresyvientos.com\/wp-content\/uploads\/2026\/03\/velero-navegando-popa_mosaic_big_1200x800-300x200.jpg","datePublished":"2026-03-17T09:36:21+00:00","dateModified":"2026-03-31T11:36:21+00:00","breadcrumb":{"@id":"https:\/\/maresyvientos.com\/blog\/#breadcrumb"},"inLanguage":"en-GB","potentialAction":[{"@type":"ReadAction","target":["https:\/\/maresyvientos.com\/blog\/"]}]},{"@type":"ImageObject","inLanguage":"en-GB","@id":"https:\/\/maresyvientos.com\/blog\/#primaryimage","url":"https:\/\/maresyvientos.com\/wp-content\/uploads\/2026\/03\/velero-navegando-popa_mosaic_big_1200x800-300x200.jpg","contentUrl":"https:\/\/maresyvientos.com\/wp-content\/uploads\/2026\/03\/velero-navegando-popa_mosaic_big_1200x800-300x200.jpg"},{"@type":"BreadcrumbList","@id":"https:\/\/maresyvientos.com\/blog\/#breadcrumb","itemListElement":[{"@type":"ListItem","position":1,"name":"Portada","item":"https:\/\/maresyvientos.com\/"},{"@type":"ListItem","position":2,"name":"Blog"}]},{"@type":"WebSite","@id":"https:\/\/maresyvientos.com\/#website","url":"https:\/\/maresyvientos.com\/","name":"Mares y Vientos","description":"","publisher":{"@id":"https:\/\/maresyvientos.com\/#organization"},"potentialAction":[{"@type":"SearchAction","target":{"@type":"EntryPoint","urlTemplate":"https:\/\/maresyvientos.com\/?s={search_term_string}"},"query-input":{"@type":"PropertyValueSpecification","valueRequired":true,"valueName":"search_term_string"}}],"inLanguage":"en-GB"},{"@type":"Organization","@id":"https:\/\/maresyvientos.com\/#organization","name":"Mares y Vientos","url":"https:\/\/maresyvientos.com\/","logo":{"@type":"ImageObject","inLanguage":"en-GB","@id":"https:\/\/maresyvientos.com\/#\/schema\/logo\/image\/","url":"https:\/\/maresyvientos.com\/wp-content\/uploads\/2026\/02\/cropped-logo_web@4x.png","contentUrl":"https:\/\/maresyvientos.com\/wp-content\/uploads\/2026\/02\/cropped-logo_web@4x.png","width":1978,"height":1994,"caption":"Mares y Vientos"},"image":{"@id":"https:\/\/maresyvientos.com\/#\/schema\/logo\/image\/"}}]}},"_links":{"self":[{"href":"https:\/\/maresyvientos.com\/en\/wp-json\/wp\/v2\/pages\/1931","targetHints":{"allow":["GET"]}}],"collection":[{"href":"https:\/\/maresyvientos.com\/en\/wp-json\/wp\/v2\/pages"}],"about":[{"href":"https:\/\/maresyvientos.com\/en\/wp-json\/wp\/v2\/types\/page"}],"author":[{"embeddable":true,"href":"https:\/\/maresyvientos.com\/en\/wp-json\/wp\/v2\/users\/1"}],"replies":[{"embeddable":true,"href":"https:\/\/maresyvientos.com\/en\/wp-json\/wp\/v2\/comments?post=1931"}],"version-history":[{"count":37,"href":"https:\/\/maresyvientos.com\/en\/wp-json\/wp\/v2\/pages\/1931\/revisions"}],"predecessor-version":[{"id":3270,"href":"https:\/\/maresyvientos.com\/en\/wp-json\/wp\/v2\/pages\/1931\/revisions\/3270"}],"wp:attachment":[{"href":"https:\/\/maresyvientos.com\/en\/wp-json\/wp\/v2\/media?parent=1931"}],"curies":[{"name":"wp","href":"https:\/\/api.w.org\/{rel}","templated":true}]}}